{"id":45,"date":"2017-09-12T08:54:59","date_gmt":"2017-09-12T06:54:59","guid":{"rendered":"http:\/\/www.peerdu.de\/cms\/?page_id=45"},"modified":"2017-09-12T22:36:40","modified_gmt":"2017-09-12T20:36:40","slug":"peerdu-consulting","status":"publish","type":"page","link":"http:\/\/www.peerdu.de\/cms\/","title":{"rendered":"PEERDU CONSULTING"},"content":{"rendered":"<h1>FOOD . HEALTH . IT . SALES . BUSINESS DEVELOPMENT<\/h1>\n<h2>Kunden begeistern!<\/h2>\n<p>Ehrlich, transparent und mit Leidenschaft. Vom ersten Kontakt, dem ersten Eindruck, zum finalen Kaufabschluss und dar\u00fcber hinaus!<\/p>\n<p>Egal ob Messe-Business, B2C, B2B, POS oder Onlineshop, der Customer Journey startet irgendwo. Individuelle (Unternehmens-) Ziele, spezialisierte Zielgruppen, f\u00fcr einen maximalen Erfolg bedarf es idealer Ma\u00dfnahmen.<\/p>\n<p>PEERDU CONSULTING begleitet f\u00fcr Dich die gesamte Wertsch\u00f6pfungskette. Von der Produktentwicklung, der Digitalisierung, \u00fcber die technische Optimierung, Anpassung und Aufbau von Work-Flow-Ma\u00dfnahmen zu Sales-Kampagnen und CRM und Service-Management.<\/p>\n<p>Auf Augenh\u00f6he, voller Ideen und begeisternd!<\/p>\n","protected":false},"excerpt":{"rendered":"<p>FOOD . HEALTH . IT . SALES . BUSINESS DEVELOPMENT Kunden begeistern! Ehrlich, transparent und mit Leidenschaft. Vom ersten Kontakt, dem ersten Eindruck, zum finalen Kaufabschluss und dar\u00fcber hinaus! Egal ob Messe-Business, B2C, B2B, POS oder Onlineshop, der Customer Journey startet irgendwo. Individuelle (Unternehmens-) Ziele, spezialisierte Zielgruppen, f\u00fcr einen maximalen Erfolg bedarf es idealer Ma\u00dfnahmen. &hellip; <\/p>\n<p class=\"link-more\"><a href=\"http:\/\/www.peerdu.de\/cms\/\" class=\"more-link\"><span class=\"screen-reader-text\">\u201ePEERDU CONSULTING\u201c <\/span>weiterlesen<\/a><\/p>\n","protected":false},"author":1,"featured_media":0,"parent":0,"menu_order":0,"comment_status":"closed","ping_status":"closed","template":"","meta":{"footnotes":""},"class_list":["post-45","page","type-page","status-publish","hentry"],"yoast_head":"<!-- This site is optimized with the Yoast SEO plugin v26.9 - https:\/\/yoast.com\/product\/yoast-seo-wordpress\/ -->\n<title>PEERDU CONSULTING - PEERDU CONSULTING<\/title>\n<meta name=\"robots\" content=\"index, follow, max-snippet:-1, max-image-preview:large, max-video-preview:-1\" \/>\n<link rel=\"canonical\" href=\"http:\/\/www.peerdu.de\/cms\/\" \/>\n<meta property=\"og:locale\" content=\"de_DE\" \/>\n<meta property=\"og:type\" content=\"article\" \/>\n<meta property=\"og:title\" content=\"PEERDU CONSULTING - PEERDU CONSULTING\" \/>\n<meta property=\"og:description\" content=\"FOOD . HEALTH . IT . SALES . BUSINESS DEVELOPMENT Kunden begeistern! Ehrlich, transparent und mit Leidenschaft. Vom ersten Kontakt, dem ersten Eindruck, zum finalen Kaufabschluss und dar\u00fcber hinaus! Egal ob Messe-Business, B2C, B2B, POS oder Onlineshop, der Customer Journey startet irgendwo. Individuelle (Unternehmens-) Ziele, spezialisierte Zielgruppen, f\u00fcr einen maximalen Erfolg bedarf es idealer Ma\u00dfnahmen. &hellip; \u201ePEERDU CONSULTING\u201c weiterlesen\" \/>\n<meta property=\"og:url\" content=\"http:\/\/www.peerdu.de\/cms\/\" \/>\n<meta property=\"og:site_name\" content=\"PEERDU CONSULTING\" \/>\n<meta property=\"article:modified_time\" content=\"2017-09-12T20:36:40+00:00\" \/>\n<meta name=\"twitter:card\" content=\"summary_large_image\" \/>\n<script type=\"application\/ld+json\" class=\"yoast-schema-graph\">{\"@context\":\"https:\/\/schema.org\",\"@graph\":[{\"@type\":\"WebPage\",\"@id\":\"http:\/\/www.peerdu.de\/cms\/\",\"url\":\"http:\/\/www.peerdu.de\/cms\/\",\"name\":\"PEERDU CONSULTING - PEERDU CONSULTING\",\"isPartOf\":{\"@id\":\"http:\/\/www.peerdu.de\/cms\/#website\"},\"datePublished\":\"2017-09-12T06:54:59+00:00\",\"dateModified\":\"2017-09-12T20:36:40+00:00\",\"breadcrumb\":{\"@id\":\"http:\/\/www.peerdu.de\/cms\/#breadcrumb\"},\"inLanguage\":\"de\",\"potentialAction\":[{\"@type\":\"ReadAction\",\"target\":[\"http:\/\/www.peerdu.de\/cms\/\"]}]},{\"@type\":\"BreadcrumbList\",\"@id\":\"http:\/\/www.peerdu.de\/cms\/#breadcrumb\",\"itemListElement\":[{\"@type\":\"ListItem\",\"position\":1,\"name\":\"Startseite\",\"item\":\"http:\/\/www.peerdu.de\/cms\/\"},{\"@type\":\"ListItem\",\"position\":2,\"name\":\"PEERDU CONSULTING\"}]},{\"@type\":\"WebSite\",\"@id\":\"http:\/\/www.peerdu.de\/cms\/#website\",\"url\":\"http:\/\/www.peerdu.de\/cms\/\",\"name\":\"PEERDU CONSULTING\",\"description\":\"Food . Health . IT . Sales . Business Develepment\",\"publisher\":{\"@id\":\"http:\/\/www.peerdu.de\/cms\/#organization\"},\"potentialAction\":[{\"@type\":\"SearchAction\",\"target\":{\"@type\":\"EntryPoint\",\"urlTemplate\":\"http:\/\/www.peerdu.de\/cms\/?s={search_term_string}\"},\"query-input\":{\"@type\":\"PropertyValueSpecification\",\"valueRequired\":true,\"valueName\":\"search_term_string\"}}],\"inLanguage\":\"de\"},{\"@type\":\"Organization\",\"@id\":\"http:\/\/www.peerdu.de\/cms\/#organization\",\"name\":\"PEERDU CONSULTING\",\"url\":\"http:\/\/www.peerdu.de\/cms\/\",\"logo\":{\"@type\":\"ImageObject\",\"inLanguage\":\"de\",\"@id\":\"http:\/\/www.peerdu.de\/cms\/#\/schema\/logo\/image\/\",\"url\":\"http:\/\/www.peerdu.de\/cms\/wp-content\/uploads\/2017\/09\/Logo_PEERDU_blk_326x100.jpg\",\"contentUrl\":\"http:\/\/www.peerdu.de\/cms\/wp-content\/uploads\/2017\/09\/Logo_PEERDU_blk_326x100.jpg\",\"width\":326,\"height\":100,\"caption\":\"PEERDU CONSULTING\"},\"image\":{\"@id\":\"http:\/\/www.peerdu.de\/cms\/#\/schema\/logo\/image\/\"}}]}<\/script>\n<!-- \/ Yoast SEO plugin. -->","yoast_head_json":{"title":"PEERDU CONSULTING - PEERDU CONSULTING","robots":{"index":"index","follow":"follow","max-snippet":"max-snippet:-1","max-image-preview":"max-image-preview:large","max-video-preview":"max-video-preview:-1"},"canonical":"http:\/\/www.peerdu.de\/cms\/","og_locale":"de_DE","og_type":"article","og_title":"PEERDU CONSULTING - PEERDU CONSULTING","og_description":"FOOD . HEALTH . IT . SALES . BUSINESS DEVELOPMENT Kunden begeistern! Ehrlich, transparent und mit Leidenschaft. Vom ersten Kontakt, dem ersten Eindruck, zum finalen Kaufabschluss und dar\u00fcber hinaus! Egal ob Messe-Business, B2C, B2B, POS oder Onlineshop, der Customer Journey startet irgendwo. Individuelle (Unternehmens-) Ziele, spezialisierte Zielgruppen, f\u00fcr einen maximalen Erfolg bedarf es idealer Ma\u00dfnahmen. &hellip; \u201ePEERDU CONSULTING\u201c weiterlesen","og_url":"http:\/\/www.peerdu.de\/cms\/","og_site_name":"PEERDU CONSULTING","article_modified_time":"2017-09-12T20:36:40+00:00","twitter_card":"summary_large_image","schema":{"@context":"https:\/\/schema.org","@graph":[{"@type":"WebPage","@id":"http:\/\/www.peerdu.de\/cms\/","url":"http:\/\/www.peerdu.de\/cms\/","name":"PEERDU CONSULTING - PEERDU CONSULTING","isPartOf":{"@id":"http:\/\/www.peerdu.de\/cms\/#website"},"datePublished":"2017-09-12T06:54:59+00:00","dateModified":"2017-09-12T20:36:40+00:00","breadcrumb":{"@id":"http:\/\/www.peerdu.de\/cms\/#breadcrumb"},"inLanguage":"de","potentialAction":[{"@type":"ReadAction","target":["http:\/\/www.peerdu.de\/cms\/"]}]},{"@type":"BreadcrumbList","@id":"http:\/\/www.peerdu.de\/cms\/#breadcrumb","itemListElement":[{"@type":"ListItem","position":1,"name":"Startseite","item":"http:\/\/www.peerdu.de\/cms\/"},{"@type":"ListItem","position":2,"name":"PEERDU CONSULTING"}]},{"@type":"WebSite","@id":"http:\/\/www.peerdu.de\/cms\/#website","url":"http:\/\/www.peerdu.de\/cms\/","name":"PEERDU CONSULTING","description":"Food . Health . IT . Sales . Business Develepment","publisher":{"@id":"http:\/\/www.peerdu.de\/cms\/#organization"},"potentialAction":[{"@type":"SearchAction","target":{"@type":"EntryPoint","urlTemplate":"http:\/\/www.peerdu.de\/cms\/?s={search_term_string}"},"query-input":{"@type":"PropertyValueSpecification","valueRequired":true,"valueName":"search_term_string"}}],"inLanguage":"de"},{"@type":"Organization","@id":"http:\/\/www.peerdu.de\/cms\/#organization","name":"PEERDU CONSULTING","url":"http:\/\/www.peerdu.de\/cms\/","logo":{"@type":"ImageObject","inLanguage":"de","@id":"http:\/\/www.peerdu.de\/cms\/#\/schema\/logo\/image\/","url":"http:\/\/www.peerdu.de\/cms\/wp-content\/uploads\/2017\/09\/Logo_PEERDU_blk_326x100.jpg","contentUrl":"http:\/\/www.peerdu.de\/cms\/wp-content\/uploads\/2017\/09\/Logo_PEERDU_blk_326x100.jpg","width":326,"height":100,"caption":"PEERDU CONSULTING"},"image":{"@id":"http:\/\/www.peerdu.de\/cms\/#\/schema\/logo\/image\/"}}]}},"_links":{"self":[{"href":"http:\/\/www.peerdu.de\/cms\/wp-json\/wp\/v2\/pages\/45","targetHints":{"allow":["GET"]}}],"collection":[{"href":"http:\/\/www.peerdu.de\/cms\/wp-json\/wp\/v2\/pages"}],"about":[{"href":"http:\/\/www.peerdu.de\/cms\/wp-json\/wp\/v2\/types\/page"}],"author":[{"embeddable":true,"href":"http:\/\/www.peerdu.de\/cms\/wp-json\/wp\/v2\/users\/1"}],"replies":[{"embeddable":true,"href":"http:\/\/www.peerdu.de\/cms\/wp-json\/wp\/v2\/comments?post=45"}],"version-history":[{"count":7,"href":"http:\/\/www.peerdu.de\/cms\/wp-json\/wp\/v2\/pages\/45\/revisions"}],"predecessor-version":[{"id":72,"href":"http:\/\/www.peerdu.de\/cms\/wp-json\/wp\/v2\/pages\/45\/revisions\/72"}],"wp:attachment":[{"href":"http:\/\/www.peerdu.de\/cms\/wp-json\/wp\/v2\/media?parent=45"}],"curies":[{"name":"wp","href":"https:\/\/api.w.org\/{rel}","templated":true}]}}